{"id":176,"date":"2026-04-27T08:29:52","date_gmt":"2026-04-27T08:29:52","guid":{"rendered":"https:\/\/www.kivatalkkari.fi\/?page_id=176"},"modified":"2026-04-27T08:29:52","modified_gmt":"2026-04-27T08:29:52","slug":"kuljetukset-lahti","status":"publish","type":"page","link":"https:\/\/www.kivatalkkari.fi\/index.php\/kuljetukset-lahti\/","title":{"rendered":"Kuljetukset Lahti"},"content":{"rendered":"\n<figure class=\"wp-block-image size-large\"><img loading=\"lazy\" decoding=\"async\" width=\"1024\" height=\"1024\" src=\"https:\/\/www.kivatalkkari.fi\/wp-content\/uploads\/2026\/04\/7336-1024x1024.png\" alt=\"\" class=\"wp-image-177\" srcset=\"https:\/\/www.kivatalkkari.fi\/wp-content\/uploads\/2026\/04\/7336-1024x1024.png 1024w, https:\/\/www.kivatalkkari.fi\/wp-content\/uploads\/2026\/04\/7336-300x300.png 300w, https:\/\/www.kivatalkkari.fi\/wp-content\/uploads\/2026\/04\/7336-150x150.png 150w, https:\/\/www.kivatalkkari.fi\/wp-content\/uploads\/2026\/04\/7336-768x768.png 768w, https:\/\/www.kivatalkkari.fi\/wp-content\/uploads\/2026\/04\/7336.png 1254w\" sizes=\"auto, (max-width: 1024px) 100vw, 1024px\" \/><\/figure>\n\n\n\n<p><strong>Kivatalkkari hoitaa n\u00e4pp\u00e4r\u00e4sti ja helposti kuljetukset ja on muuttoapuna. Jos sinulla on tarvetta kuljettaa (melkein) mit\u00e4 vaan, niin Kivatalkkari tulee mielell\u00e4\u00e4n hoitamaan sen. K\u00e4yt\u00f6ss\u00e4 on pakettiauto ja tarvittaessa otetaan per\u00e4k\u00e4rry k\u00e4ytt\u00f6\u00f6n. Kuljetusten hinta on 40 euroa tunnilta ja pidemmilt\u00e4 matkoilta polttoainekorvaus. Per\u00e4k\u00e4rryn k\u00e4yt\u00f6st\u00e4 lis\u00e4maksu. Kuljetuksesta voidaan sopia my\u00f6s kiinte\u00e4 urakkahinta.<\/strong><\/p>\n\n\n\n<p><strong>Kivatalkkari on ilmoittautunut tavaraliikenteen harjoittajaksi, eli tarvittavat luvat on tietenkin kunnossa.<\/strong><\/p>\n\n\n\n<p><strong>Kun tulee kuljetustarvetta, soita tai laita viesti\u00e4:<\/strong><\/p>\n\n\n\n<p><strong>0505579572<\/strong><\/p>\n\n\n\n<p><\/p>\n","protected":false},"excerpt":{"rendered":"<p>Kivatalkkari hoitaa n\u00e4pp\u00e4r\u00e4sti ja helposti kuljetukset ja on muuttoapuna. Jos sinulla on tarvetta kuljettaa (melkein) mit\u00e4 vaan, niin Kivatalkkari tulee mielell\u00e4\u00e4n hoitamaan sen. K\u00e4yt\u00f6ss\u00e4 on pakettiauto ja tarvittaessa otetaan per\u00e4k\u00e4rry k\u00e4ytt\u00f6\u00f6n. Kuljetusten hinta on 40 euroa tunnilta ja pidemmilt\u00e4 matkoilta polttoainekorvaus. Per\u00e4k\u00e4rryn k\u00e4yt\u00f6st\u00e4 lis\u00e4maksu. Kuljetuksesta voidaan sopia my\u00f6s kiinte\u00e4 urakkahinta. Kivatalkkari on ilmoittautunut tavaraliikenteen harjoittajaksi, [&hellip;]<\/p>\n","protected":false},"author":1,"featured_media":0,"parent":0,"menu_order":0,"comment_status":"closed","ping_status":"closed","template":"","meta":{"footnotes":""},"class_list":["post-176","page","type-page","status-publish","hentry"],"_links":{"self":[{"href":"https:\/\/www.kivatalkkari.fi\/index.php\/wp-json\/wp\/v2\/pages\/176","targetHints":{"allow":["GET"]}}],"collection":[{"href":"https:\/\/www.kivatalkkari.fi\/index.php\/wp-json\/wp\/v2\/pages"}],"about":[{"href":"https:\/\/www.kivatalkkari.fi\/index.php\/wp-json\/wp\/v2\/types\/page"}],"author":[{"embeddable":true,"href":"https:\/\/www.kivatalkkari.fi\/index.php\/wp-json\/wp\/v2\/users\/1"}],"replies":[{"embeddable":true,"href":"https:\/\/www.kivatalkkari.fi\/index.php\/wp-json\/wp\/v2\/comments?post=176"}],"version-history":[{"count":1,"href":"https:\/\/www.kivatalkkari.fi\/index.php\/wp-json\/wp\/v2\/pages\/176\/revisions"}],"predecessor-version":[{"id":178,"href":"https:\/\/www.kivatalkkari.fi\/index.php\/wp-json\/wp\/v2\/pages\/176\/revisions\/178"}],"wp:attachment":[{"href":"https:\/\/www.kivatalkkari.fi\/index.php\/wp-json\/wp\/v2\/media?parent=176"}],"curies":[{"name":"wp","href":"https:\/\/api.w.org\/{rel}","templated":true}]}}