{"id":170,"date":"2026-04-27T05:54:48","date_gmt":"2026-04-27T05:54:48","guid":{"rendered":"https:\/\/www.kivatalkkari.fi\/?page_id=170"},"modified":"2026-04-27T07:16:59","modified_gmt":"2026-04-27T07:16:59","slug":"ruohonleikkaus-ja-pihatyot-lahti","status":"publish","type":"page","link":"https:\/\/www.kivatalkkari.fi\/index.php\/ruohonleikkaus-ja-pihatyot-lahti\/","title":{"rendered":"Nurmikonleikkuu ja pihaty\u00f6t Lahti"},"content":{"rendered":"\n<figure class=\"wp-block-image size-full\"><img loading=\"lazy\" decoding=\"async\" width=\"488\" height=\"491\" src=\"https:\/\/www.kivatalkkari.fi\/wp-content\/uploads\/2026\/04\/7333.jpg\" alt=\"\" class=\"wp-image-171\" srcset=\"https:\/\/www.kivatalkkari.fi\/wp-content\/uploads\/2026\/04\/7333.jpg 488w, https:\/\/www.kivatalkkari.fi\/wp-content\/uploads\/2026\/04\/7333-298x300.jpg 298w, https:\/\/www.kivatalkkari.fi\/wp-content\/uploads\/2026\/04\/7333-150x150.jpg 150w\" sizes=\"auto, (max-width: 488px) 100vw, 488px\" \/><\/figure>\n\n\n\n<p><strong>Kivatalkkari hoitaa nurmikonleikkuun ja muut pihaty\u00f6t puolestasi, kun et itse ehdi tai pysty. Nurmikko leikataan siistiksi n\u00e4pp\u00e4r\u00e4sti ja huolellisesti. Piha siivotaan siistiksi lehdist\u00e4 ja risuista ja kuljetetaan tarvittaessa j\u00e4teasemalle.<\/strong><\/p>\n\n\n\n<p><strong>Nurmikonleikkuun ja pihat\u00f6iden hinta on 35 euroa tunnilta tai sovitaan kiinte\u00e4 urakkahinta. J\u00e4teaseman kuljetuksista pieni lis\u00e4maksu. Lahden kaupunkialueen ulkopuolelle matkakorvaus 0,70 e\/km. Mahdollisuus kotitalousv\u00e4hennykseen. <\/strong><\/p>\n\n\n\n<p><strong>Tilaa Kivatalkkari tekem\u00e4\u00e4n pihaty\u00f6t soittamalla tai viestill\u00e4:<\/strong><\/p>\n\n\n\n<p><strong>0505579572<\/strong><\/p>\n\n\n\n<p><\/p>\n","protected":false},"excerpt":{"rendered":"<p>Kivatalkkari hoitaa nurmikonleikkuun ja muut pihaty\u00f6t puolestasi, kun et itse ehdi tai pysty. Nurmikko leikataan siistiksi n\u00e4pp\u00e4r\u00e4sti ja huolellisesti. Piha siivotaan siistiksi lehdist\u00e4 ja risuista ja kuljetetaan tarvittaessa j\u00e4teasemalle. Nurmikonleikkuun ja pihat\u00f6iden hinta on 35 euroa tunnilta tai sovitaan kiinte\u00e4 urakkahinta. J\u00e4teaseman kuljetuksista pieni lis\u00e4maksu. Lahden kaupunkialueen ulkopuolelle matkakorvaus 0,70 e\/km. Mahdollisuus kotitalousv\u00e4hennykseen. Tilaa Kivatalkkari [&hellip;]<\/p>\n","protected":false},"author":1,"featured_media":0,"parent":0,"menu_order":0,"comment_status":"closed","ping_status":"closed","template":"","meta":{"footnotes":""},"class_list":["post-170","page","type-page","status-publish","hentry"],"_links":{"self":[{"href":"https:\/\/www.kivatalkkari.fi\/index.php\/wp-json\/wp\/v2\/pages\/170","targetHints":{"allow":["GET"]}}],"collection":[{"href":"https:\/\/www.kivatalkkari.fi\/index.php\/wp-json\/wp\/v2\/pages"}],"about":[{"href":"https:\/\/www.kivatalkkari.fi\/index.php\/wp-json\/wp\/v2\/types\/page"}],"author":[{"embeddable":true,"href":"https:\/\/www.kivatalkkari.fi\/index.php\/wp-json\/wp\/v2\/users\/1"}],"replies":[{"embeddable":true,"href":"https:\/\/www.kivatalkkari.fi\/index.php\/wp-json\/wp\/v2\/comments?post=170"}],"version-history":[{"count":3,"href":"https:\/\/www.kivatalkkari.fi\/index.php\/wp-json\/wp\/v2\/pages\/170\/revisions"}],"predecessor-version":[{"id":174,"href":"https:\/\/www.kivatalkkari.fi\/index.php\/wp-json\/wp\/v2\/pages\/170\/revisions\/174"}],"wp:attachment":[{"href":"https:\/\/www.kivatalkkari.fi\/index.php\/wp-json\/wp\/v2\/media?parent=170"}],"curies":[{"name":"wp","href":"https:\/\/api.w.org\/{rel}","templated":true}]}}