{"id":114,"date":"2025-12-09T15:28:09","date_gmt":"2025-12-09T15:28:09","guid":{"rendered":"https:\/\/www.kivatalkkari.fi\/?page_id=114"},"modified":"2026-04-13T19:04:01","modified_gmt":"2026-04-13T19:04:01","slug":"114-2","status":"publish","type":"page","link":"https:\/\/www.kivatalkkari.fi\/","title":{"rendered":"Kotitalkkari Lahti"},"content":{"rendered":"\n<h1 class=\"wp-block-heading has-text-align-left\">KIVATALKKARI<\/h1>\n\n\n\n<p><img loading=\"lazy\" decoding=\"async\" width=\"150\" height=\"150\" class=\"wp-image-87\" style=\"width: 150px;\" src=\"https:\/\/www.kivatalkkari.fi\/wp-content\/uploads\/2025\/12\/cropped-1000021927-1.png\" alt=\"\" srcset=\"https:\/\/www.kivatalkkari.fi\/wp-content\/uploads\/2025\/12\/cropped-1000021927-1.png 512w, https:\/\/www.kivatalkkari.fi\/wp-content\/uploads\/2025\/12\/cropped-1000021927-1-300x300.png 300w, https:\/\/www.kivatalkkari.fi\/wp-content\/uploads\/2025\/12\/cropped-1000021927-1-150x150.png 150w, https:\/\/www.kivatalkkari.fi\/wp-content\/uploads\/2025\/12\/cropped-1000021927-1-270x270.png 270w, https:\/\/www.kivatalkkari.fi\/wp-content\/uploads\/2025\/12\/cropped-1000021927-1-192x192.png 192w, https:\/\/www.kivatalkkari.fi\/wp-content\/uploads\/2025\/12\/cropped-1000021927-1-180x180.png 180w, https:\/\/www.kivatalkkari.fi\/wp-content\/uploads\/2025\/12\/cropped-1000021927-1-32x32.png 32w\" sizes=\"auto, (max-width: 150px) 100vw, 150px\" \/><\/p>\n\n\n\n<p><strong>Lumity\u00f6t, pihaty\u00f6t, renkaanvaihdot, muut kodin ty\u00f6t ja asennukset sek\u00e4 kuljetukset<\/strong>.<\/p>\n\n\n\n<p><strong>Kivatalkkari haluaa tehd\u00e4 sinun kodin ja pihan hoidosta helppoa!<\/strong><\/p>\n\n\n\n<p><mark style=\"background-color:rgba(0, 0, 0, 0)\" class=\"has-inline-color has-contrast-color\">*KIVATALKKARI LOMAILEE 15.-21.4.*<\/mark><\/p>\n\n\n\n<p><strong><a href=\"tel:0505579572\">0505579572<\/a><\/strong><\/p>\n\n\n\n<p><strong><a href=\"mailto:posti@kivatalkkari.fi\">posti@kivatalkkari.fi<\/a><\/strong><\/p>\n\n\n\n<p><\/p>\n\n\n\n<h3 class=\"wp-block-heading\"><strong>Kotitalkkari<\/strong> <strong>Lahti \/ P\u00e4ij\u00e4t-H\u00e4me<\/strong> <\/h3>\n\n\n\n<p><strong>Kivatalkkari on kotitalkkaripalvelu, joka auttaa sinua kodin askareissa. Kivatalkkari tulee mielell\u00e4\u00e4n tekem\u00e4\u00e4n ty\u00f6t puolestasi, kun et itse ehdi, pysty tai ei vaan huvita. Kivatalkkari toimii Lahdessa ja l\u00e4hialueilla, tarvittaessa kauempanakin.<\/strong><\/p>\n\n\n\n<p><img loading=\"lazy\" decoding=\"async\" width=\"150\" height=\"150\" class=\"wp-image-22\" style=\"width: 150px;\" src=\"https:\/\/www.kivatalkkari.fi\/wp-content\/uploads\/2025\/12\/1000022283.jpg\" alt=\"\" srcset=\"https:\/\/www.kivatalkkari.fi\/wp-content\/uploads\/2025\/12\/1000022283.jpg 1920w, https:\/\/www.kivatalkkari.fi\/wp-content\/uploads\/2025\/12\/1000022283-300x300.jpg 300w, https:\/\/www.kivatalkkari.fi\/wp-content\/uploads\/2025\/12\/1000022283-1024x1024.jpg 1024w, https:\/\/www.kivatalkkari.fi\/wp-content\/uploads\/2025\/12\/1000022283-150x150.jpg 150w, https:\/\/www.kivatalkkari.fi\/wp-content\/uploads\/2025\/12\/1000022283-768x768.jpg 768w, https:\/\/www.kivatalkkari.fi\/wp-content\/uploads\/2025\/12\/1000022283-1536x1536.jpg 1536w\" sizes=\"auto, (max-width: 150px) 100vw, 150px\" \/><\/p>\n\n\n\n<h3 class=\"wp-block-heading\"><strong>Kivatalkkarin palvelut<\/strong>:<\/h3>\n\n\n\n<p>\u2022<strong>Lumity\u00f6t kolalla ja lapiolla, sek\u00e4 hiekoitus<\/strong><\/p>\n\n\n\n<p>\u2022<strong>Kodin pienet asennusty\u00f6t, kuten huonekalujen kasaus, hyllyjen ja taulujen kiinnitys, lamppujen ja paristojen vaihdot ym.<\/strong><\/p>\n\n\n\n<p>\u2022<strong>Varastojen tyhjennykset ja siivoukset, sek\u00e4 j\u00e4tteiden kuljetus kierr\u00e4tykseen ja j\u00e4teasemalle<\/strong><\/p>\n\n\n\n<p>\u2022<strong>Muuttoapu ja kuljetukset pakettiautolla ja per\u00e4k\u00e4rryll\u00e4<\/strong><\/p>\n\n\n\n<p>\u2022<strong>Nurmikon leikkaus<\/strong><\/p>\n\n\n\n<p>\u2022<strong>Pensasaitojen leikkaukset, sek\u00e4 pensaiden ja pienten puiden kaadot<\/strong><\/p>\n\n\n\n<p>\u2022<strong>Haravointi ja lehtien pois kuljetus<\/strong><\/p>\n\n\n\n<p>\u2022<strong>R\u00e4yst\u00e4iden ja r\u00e4nnien puhdistu<\/strong>s<\/p>\n\n\n\n<p>\u2022<strong>Polttopuiden pilkkominen ja pinoaminen<\/strong><\/p>\n\n\n\n<p>\u2022<strong>Lomavahtina toimiminen, tarkastusk\u00e4ynnit, postilaatikon tyhjennys, kukkien kastelu ym.<\/strong><\/p>\n\n\n\n<p>\u2022<strong>Auton renkaiden vaihdot<\/strong><\/p>\n\n\n\n<p>\u2022<strong>Muut hommat mit\u00e4 tulee mieleen ja mihin taidot ja ty\u00f6v\u00e4lineet riitt\u00e4\u00e4<\/strong><\/p>\n\n\n\n<p><img loading=\"lazy\" decoding=\"async\" width=\"150\" height=\"164\" class=\"wp-image-81\" style=\"width: 150px;\" src=\"https:\/\/www.kivatalkkari.fi\/wp-content\/uploads\/2025\/12\/InShot_20251105_225624561.jpg\" alt=\"\" srcset=\"https:\/\/www.kivatalkkari.fi\/wp-content\/uploads\/2025\/12\/InShot_20251105_225624561.jpg 1365w, https:\/\/www.kivatalkkari.fi\/wp-content\/uploads\/2025\/12\/InShot_20251105_225624561-275x300.jpg 275w, https:\/\/www.kivatalkkari.fi\/wp-content\/uploads\/2025\/12\/InShot_20251105_225624561-939x1024.jpg 939w, https:\/\/www.kivatalkkari.fi\/wp-content\/uploads\/2025\/12\/InShot_20251105_225624561-768x838.jpg 768w\" sizes=\"auto, (max-width: 150px) 100vw, 150px\" \/><\/p>\n\n\n\n<h3 class=\"wp-block-heading\"><strong>Hinnasto<\/strong>:<\/h3>\n\n\n\n<p><strong>Kivatalkkari veloittaa ty\u00f6st\u00e4 35-40 euroa\/tunti, riippuen k\u00e4ytet\u00e4\u00e4nk\u00f6 ty\u00f6koneita ja polttoainetta. Minimiveloitus 1h ty\u00f6. Matkakulut Lahden kaupungin ulkopuolelle 0.70 e\/km. J\u00e4teaseman kuljetuksista j\u00e4teaseman hinnaston mukainen maksu sek\u00e4 kuljetusmaksu. Veloitus alkaa vasta kun Kivatalkkari saapuu kohteeseen ja loppuu kun ty\u00f6t on tehty. Kivatalkkarille sopii my\u00f6s, ett\u00e4 ty\u00f6t tehd\u00e4\u00e4n etuk\u00e4teen sovitulla ja kiinte\u00e4ll\u00e4 urakkahinnalla. Maksu kortilla tai k\u00e4teisell\u00e4. Kivatalkkarin ty\u00f6st\u00e4 on mahdollista saada verottajan kotitalousv\u00e4hennys.<\/strong><\/p>\n\n\n\n<p><img loading=\"lazy\" decoding=\"async\" width=\"150\" height=\"123\" class=\"wp-image-27\" style=\"width: 150px;\" src=\"https:\/\/www.kivatalkkari.fi\/wp-content\/uploads\/2025\/12\/file_00000000e65c71f594d9b542d3e41f66.jpg\" alt=\"\" srcset=\"https:\/\/www.kivatalkkari.fi\/wp-content\/uploads\/2025\/12\/file_00000000e65c71f594d9b542d3e41f66.jpg 567w, https:\/\/www.kivatalkkari.fi\/wp-content\/uploads\/2025\/12\/file_00000000e65c71f594d9b542d3e41f66-300x246.jpg 300w\" sizes=\"auto, (max-width: 150px) 100vw, 150px\" \/><\/p>\n\n\n\n<h3 class=\"wp-block-heading\"><strong>Yhteystiedot:<\/strong><\/h3>\n\n\n\n<p><strong>Ota rohkeasti yhteytt\u00e4 s\u00e4hk\u00f6postilla, viestill\u00e4 tai soittamalla, niin sovitaan miten Kivatalkkari voi auttaa sinua. Kivatalkkari hoitaa ty\u00f6t luotettavasti ja huolellisesti, ja tietenkin kivasti!<\/strong><\/p>\n\n\n\n<p><strong><a href=\"tel:0505579572\">0505579572<\/a><\/strong><\/p>\n\n\n\n<p><strong><a href=\"mailto:posti@kivatalkkari.fi\">posti@kivatalkkari.fi<\/a><\/strong><\/p>\n\n\n\n<p><img loading=\"lazy\" decoding=\"async\" width=\"150\" height=\"160\" class=\"wp-image-125\" style=\"width: 150px;\" src=\"https:\/\/www.kivatalkkari.fi\/wp-content\/uploads\/2025\/12\/InShot_20251116_174336013-2.jpg\" alt=\"\" srcset=\"https:\/\/www.kivatalkkari.fi\/wp-content\/uploads\/2025\/12\/InShot_20251116_174336013-2.jpg 1168w, https:\/\/www.kivatalkkari.fi\/wp-content\/uploads\/2025\/12\/InShot_20251116_174336013-2-281x300.jpg 281w, https:\/\/www.kivatalkkari.fi\/wp-content\/uploads\/2025\/12\/InShot_20251116_174336013-2-961x1024.jpg 961w, https:\/\/www.kivatalkkari.fi\/wp-content\/uploads\/2025\/12\/InShot_20251116_174336013-2-768x819.jpg 768w\" sizes=\"auto, (max-width: 150px) 100vw, 150px\" \/><\/p>\n\n\n\n<p>Marko Kuhmola<\/p>\n\n\n\n<p>Y-tunnus 3576017-3<\/p>\n","protected":false},"excerpt":{"rendered":"<p>KIVATALKKARI Lumity\u00f6t, pihaty\u00f6t, renkaanvaihdot, muut kodin ty\u00f6t ja asennukset sek\u00e4 kuljetukset. Kivatalkkari haluaa tehd\u00e4 sinun kodin ja pihan hoidosta helppoa! *KIVATALKKARI LOMAILEE 15.-21.4.* 0505579572 posti@kivatalkkari.fi Kotitalkkari Lahti \/ P\u00e4ij\u00e4t-H\u00e4me Kivatalkkari on kotitalkkaripalvelu, joka auttaa sinua kodin askareissa. Kivatalkkari tulee mielell\u00e4\u00e4n tekem\u00e4\u00e4n ty\u00f6t puolestasi, kun et itse ehdi, pysty tai ei vaan huvita. Kivatalkkari toimii Lahdessa [&hellip;]<\/p>\n","protected":false},"author":1,"featured_media":0,"parent":0,"menu_order":0,"comment_status":"closed","ping_status":"closed","template":"","meta":{"footnotes":""},"class_list":["post-114","page","type-page","status-publish","hentry"],"_links":{"self":[{"href":"https:\/\/www.kivatalkkari.fi\/index.php\/wp-json\/wp\/v2\/pages\/114","targetHints":{"allow":["GET"]}}],"collection":[{"href":"https:\/\/www.kivatalkkari.fi\/index.php\/wp-json\/wp\/v2\/pages"}],"about":[{"href":"https:\/\/www.kivatalkkari.fi\/index.php\/wp-json\/wp\/v2\/types\/page"}],"author":[{"embeddable":true,"href":"https:\/\/www.kivatalkkari.fi\/index.php\/wp-json\/wp\/v2\/users\/1"}],"replies":[{"embeddable":true,"href":"https:\/\/www.kivatalkkari.fi\/index.php\/wp-json\/wp\/v2\/comments?post=114"}],"version-history":[{"count":20,"href":"https:\/\/www.kivatalkkari.fi\/index.php\/wp-json\/wp\/v2\/pages\/114\/revisions"}],"predecessor-version":[{"id":166,"href":"https:\/\/www.kivatalkkari.fi\/index.php\/wp-json\/wp\/v2\/pages\/114\/revisions\/166"}],"wp:attachment":[{"href":"https:\/\/www.kivatalkkari.fi\/index.php\/wp-json\/wp\/v2\/media?parent=114"}],"curies":[{"name":"wp","href":"https:\/\/api.w.org\/{rel}","templated":true}]}}